{"id":14,"date":"2021-12-06T10:25:55","date_gmt":"2021-12-06T09:25:55","guid":{"rendered":"http:\/\/amicalechardonsbleus.fr\/?page_id=14"},"modified":"2025-10-08T11:12:34","modified_gmt":"2025-10-08T09:12:34","slug":"accueil","status":"publish","type":"page","link":"https:\/\/amicalechardonsbleus.fr\/","title":{"rendered":"Bienvenue \u00e0 l&rsquo;amicale la\u00efque des Chardons Bleus."},"content":{"rendered":"<p class=\"has-luminous-vivid-orange-background-color has-background\" style=\"font-size: 23px;\"><strong>Les activit\u00e9s ont d\u00e9marr\u00e9 ; contactez les responsables de section pour plus d&rsquo;information.<\/strong><\/p>\n<p class=\"has-vivid-cyan-blue-color has-white-background-color has-text-color has-background has-link-color has-medium-font-size\">Nos activit\u00e9s sont principalement orient\u00e9es vers les sports et les loisirs pour tout \u00e2ge.<br \/>\nChoisisez votre section ci-dessous<\/p>\n<table>\n<tbody>\n<tr>\n<td><a href=\"https:\/\/amicalechardonsbleus.fr\/?page_id=54\"><br \/>\n<img decoding=\"async\" src=\"https:\/\/amicalechardonsbleus.fr\/wp-content\/uploads\/2025\/09\/volleyBall2025.jpg\" alt=\"\" \/><\/a><\/td>\n<td><a href=\"https:\/\/amicalechardonsbleus.fr\/?page_id=65\"><br \/>\n<img decoding=\"async\" src=\"https:\/\/amicalechardonsbleus.fr\/wp-content\/uploads\/2025\/09\/RemueMeninges2025.jpg\" alt=\"\" \/><\/a><\/td>\n<\/tr>\n<tr>\n<td><a href=\"https:\/\/amicalechardonsbleus.fr\/?page_id=73\"><img decoding=\"async\" src=\"https:\/\/amicalechardonsbleus.fr\/wp-content\/uploads\/2025\/09\/TennisdeTable2025.jpg\" alt=\"\" \/><\/a><\/td>\n<td><a href=\"https:\/\/amicalechardonsbleus.fr\/?page_id=61\"><img decoding=\"async\" src=\"https:\/\/amicalechardonsbleus.fr\/wp-content\/uploads\/2025\/09\/Gymposturale2025-1.jpg\" alt=\"\" \/><\/a><\/td>\n<\/tr>\n<tr>\n<td><a href=\"https:\/\/amicalechardonsbleus.fr\/?page_id=63\"><img decoding=\"async\" src=\"https:\/\/amicalechardonsbleus.fr\/wp-content\/uploads\/2025\/09\/Fitness2025-1.jpg\" alt=\"\" \/><\/a><\/td>\n<td><a href=\"https:\/\/amicalechardonsbleus.fr\/?page_id=71\"><img decoding=\"async\" src=\"https:\/\/amicalechardonsbleus.fr\/wp-content\/uploads\/2025\/09\/RecreLoisirs2025-1.jpg\" alt=\"\" \/><\/a><\/td>\n<\/tr>\n<tr>\n<td><a href=\"https:\/\/amicalechardonsbleus.fr\/?page_id=67\"><img decoding=\"async\" src=\"https:\/\/amicalechardonsbleus.fr\/wp-content\/uploads\/2025\/09\/Pilates2025_Camille.jpg\" alt=\"\" \/><\/a><\/td>\n<td><a href=\"https:\/\/amicalechardonsbleus.fr\/?page_id=67\"><img decoding=\"async\" src=\"https:\/\/amicalechardonsbleus.fr\/wp-content\/uploads\/2025\/09\/Pilates2025_Thibault.jpg\" alt=\"\" \/><\/a><\/td>\n<\/tr>\n<tr>\n<td><a href=\"https:\/\/amicalechardonsbleus.fr\/?page_id=59\"><img decoding=\"async\" src=\"https:\/\/amicalechardonsbleus.fr\/wp-content\/uploads\/2025\/09\/Escrime2025.jpg\" alt=\"\" \/><\/a><\/td>\n<td><a href=\"https:\/\/amicalechardonsbleus.fr\/?page_id=313\"><img decoding=\"async\" src=\"https:\/\/amicalechardonsbleus.fr\/wp-content\/uploads\/2025\/09\/JardinsPartages2025.jpg\" alt=\"\" \/><\/a><\/td>\n<\/tr>\n<tr>\n<td><a href=\"https:\/\/amicalechardonsbleus.fr\/?page_id=286\"><img decoding=\"async\" src=\"https:\/\/amicalechardonsbleus.fr\/wp-content\/uploads\/2025\/09\/Yoga2025_Charlene.jpg\" alt=\"\" \/><\/a><\/td>\n<td><a href=\"https:\/\/amicalechardonsbleus.fr\/?page_id=286\"><img decoding=\"async\" src=\"https:\/\/amicalechardonsbleus.fr\/wp-content\/uploads\/2025\/09\/Yoga2025_Erika.jpg\" alt=\"\" \/><\/a><\/td>\n<\/tr>\n<tr>\n<td><a href=\"https:\/\/amicalechardonsbleus.fr\/?page_id=286\"><img decoding=\"async\" src=\"https:\/\/amicalechardonsbleus.fr\/wp-content\/uploads\/2025\/09\/Yoga2025_Rox.jpg\" alt=\"\" \/><\/a><\/td>\n<td><a href=\"https:\/\/amicalechardonsbleus.fr\/?page_id=344\"><img decoding=\"async\" src=\"https:\/\/amicalechardonsbleus.fr\/wp-content\/uploads\/2025\/09\/Couture2025.jpg\" alt=\"\" \/><\/a><\/td>\n<\/tr>\n<tr>\n<td><a href=\"https:\/\/amicalechardonsbleus.fr\/?page_id=289\"><img decoding=\"async\" src=\"https:\/\/amicalechardonsbleus.fr\/wp-content\/uploads\/2025\/09\/Sophrologie2025.jpg\" alt=\"\" \/> <\/a><\/td>\n<td><a href=\"https:\/\/amicalechardonsbleus.fr\/?page_id=183\"><img decoding=\"async\" src=\"https:\/\/amicalechardonsbleus.fr\/wp-content\/uploads\/2025\/09\/Randonnee2025.jpg\" alt=\"\" \/> <\/a><\/td>\n<td><\/td>\n<\/tr>\n<\/tbody>\n<\/table>\n<p class=\"has-vivid-cyan-blue-color has-text-color\">Toute participation \u00e0 une activit\u00e9 n\u00e9cessite l\u2019adh\u00e9sion \u00e0 l\u2019amicale la\u00efque Les Chardons Bleus<br \/>\n<strong>Adultes : 22 \u20ac<br \/>\nJeunes : 8 \u20ac<\/strong><\/p>\n","protected":false},"excerpt":{"rendered":"<p>Les activit\u00e9s ont d\u00e9marr\u00e9 ; contactez les responsables de section pour plus d&rsquo;information. Nos activit\u00e9s sont principalement orient\u00e9es vers les sports et les loisirs pour tout \u00e2ge. Choisisez votre section ci-dessous Toute participation \u00e0 une activit\u00e9 n\u00e9cessite l\u2019adh\u00e9sion \u00e0 l\u2019amicale la\u00efque Les Chardons Bleus Adultes : 22 \u20ac Jeunes : 8 \u20ac<\/p>\n","protected":false},"author":1,"featured_media":0,"parent":0,"menu_order":0,"comment_status":"closed","ping_status":"closed","template":"","meta":{"footnotes":""},"class_list":["post-14","page","type-page","status-publish","hentry"],"_links":{"self":[{"href":"https:\/\/amicalechardonsbleus.fr\/index.php?rest_route=\/wp\/v2\/pages\/14","targetHints":{"allow":["GET"]}}],"collection":[{"href":"https:\/\/amicalechardonsbleus.fr\/index.php?rest_route=\/wp\/v2\/pages"}],"about":[{"href":"https:\/\/amicalechardonsbleus.fr\/index.php?rest_route=\/wp\/v2\/types\/page"}],"author":[{"embeddable":true,"href":"https:\/\/amicalechardonsbleus.fr\/index.php?rest_route=\/wp\/v2\/users\/1"}],"replies":[{"embeddable":true,"href":"https:\/\/amicalechardonsbleus.fr\/index.php?rest_route=%2Fwp%2Fv2%2Fcomments&post=14"}],"version-history":[{"count":58,"href":"https:\/\/amicalechardonsbleus.fr\/index.php?rest_route=\/wp\/v2\/pages\/14\/revisions"}],"predecessor-version":[{"id":370,"href":"https:\/\/amicalechardonsbleus.fr\/index.php?rest_route=\/wp\/v2\/pages\/14\/revisions\/370"}],"wp:attachment":[{"href":"https:\/\/amicalechardonsbleus.fr\/index.php?rest_route=%2Fwp%2Fv2%2Fmedia&parent=14"}],"curies":[{"name":"wp","href":"https:\/\/api.w.org\/{rel}","templated":true}]}}